{"id":16095,"date":"2019-09-02T14:14:11","date_gmt":"2019-09-02T12:14:11","guid":{"rendered":"https:\/\/www.olymp.de\/design\/"},"modified":"2022-04-22T18:18:58","modified_gmt":"2022-04-22T16:18:58","slug":"design-hairdressing","status":"publish","type":"page","link":"https:\/\/www.olymp.de\/en\/design-hairdressing\/","title":{"rendered":"Design"},"content":{"rendered":"<h3 class=\"wp-block-heading\">\u201cDesigns that rise above short terms trends \u2013 attractive, functional and sustainable\u201d<\/h3><p><\/p><div class=\"wp-block-image\"><figure class=\"alignright size-large is-resized\"><img loading=\"lazy\" decoding=\"async\" src=\"https:\/\/www.olymp.de\/wp-content\/uploads\/2019\/07\/person-833x1024.jpg\" alt=\"\" class=\"wp-image-7070\" width=\"186\" height=\"229\" srcset=\"https:\/\/www.olymp.de\/wp-content\/uploads\/2019\/07\/person.jpg 833w, https:\/\/www.olymp.de\/wp-content\/uploads\/2019\/07\/person-216x266.jpg 216w, https:\/\/www.olymp.de\/wp-content\/uploads\/2019\/07\/person-537x660.jpg 537w, https:\/\/www.olymp.de\/wp-content\/uploads\/2019\/07\/person-600x738.jpg 600w, https:\/\/www.olymp.de\/wp-content\/uploads\/2019\/07\/person-285x350.jpg 285w, https:\/\/www.olymp.de\/wp-content\/uploads\/2019\/07\/person-768x944.jpg 768w, https:\/\/www.olymp.de\/wp-content\/uploads\/2019\/07\/person-126x155.jpg 126w, https:\/\/www.olymp.de\/wp-content\/uploads\/2019\/07\/person-660x811.jpg 660w\" sizes=\"(max-width: 186px) 100vw, 186px\" \/><figcaption>Christian Frank Design and Development Director at OLYMP<\/figcaption><\/figure><\/div><div class=\"wp-block-image\"><figure class=\"alignright size-large is-resized\"><img loading=\"lazy\" decoding=\"async\" src=\"https:\/\/www.olymp.de\/wp-content\/uploads\/2019\/03\/Hamburg-1-2_Bildgr\u00f6\u00dfe-\u00e4ndern-Kopie_cmyk-833x1024.jpg\" alt=\"\" class=\"wp-image-1038\" width=\"187\" height=\"229\" srcset=\"https:\/\/www.olymp.de\/wp-content\/uploads\/2019\/03\/Hamburg-1-2_Bildgr\u00f6\u00dfe-\u00e4ndern-Kopie_cmyk-833x1024.jpg 833w, https:\/\/www.olymp.de\/wp-content\/uploads\/2019\/03\/Hamburg-1-2_Bildgr\u00f6\u00dfe-\u00e4ndern-Kopie_cmyk-216x266.jpg 216w, https:\/\/www.olymp.de\/wp-content\/uploads\/2019\/03\/Hamburg-1-2_Bildgr\u00f6\u00dfe-\u00e4ndern-Kopie_cmyk-537x660.jpg 537w, https:\/\/www.olymp.de\/wp-content\/uploads\/2019\/03\/Hamburg-1-2_Bildgr\u00f6\u00dfe-\u00e4ndern-Kopie_cmyk-600x738.jpg 600w, https:\/\/www.olymp.de\/wp-content\/uploads\/2019\/03\/Hamburg-1-2_Bildgr\u00f6\u00dfe-\u00e4ndern-Kopie_cmyk-285x350.jpg 285w, https:\/\/www.olymp.de\/wp-content\/uploads\/2019\/03\/Hamburg-1-2_Bildgr\u00f6\u00dfe-\u00e4ndern-Kopie_cmyk-768x945.jpg 768w, https:\/\/www.olymp.de\/wp-content\/uploads\/2019\/03\/Hamburg-1-2_Bildgr\u00f6\u00dfe-\u00e4ndern-Kopie_cmyk-660x812.jpg 660w, https:\/\/www.olymp.de\/wp-content\/uploads\/2019\/03\/Hamburg-1-2_Bildgr\u00f6\u00dfe-\u00e4ndern-Kopie_cmyk.jpg 1665w\" sizes=\"(max-width: 187px) 100vw, 187px\" \/><figcaption>1 : 4 design model of the OLYMP Mellow<\/figcaption><\/figure><\/div><p>Good design is characterised by aesthetics, order, functional coherence and exquisite material quality. Perfect design combines beauty and user quality to create a holistic experience. And how is perfection achieved? If something is to be completely and utterly perfect, you don\u2019t go looking for outside help! It is precisely this conviction that OLYMP also follows. Specifically this means that all products are conceived of and developed, designed and tried and tested in the OLYMP company itself. This ensures that the stringent requirements of day-to-day hairdressing in terms of aesthetics, suitability for daily use, ergonomics and durability are fully met.<\/p><p>Achieving a perfect design is a team effort. Lots of expert, style-savvy and perspicacious creative geniuses collaborate with the OLYMP Design and Development Director Christian Frank. YOU however are the most important creator in this process! OLYMP maintains an intensive dialogue with hairdressers based on many years\u2019 experience and deep conviction. Day by day<\/p>","protected":false},"excerpt":{"rendered":"<p>\u201cDesigns that rise above short terms trends \u2013 attractive, functional and sustainable\u201d Good design is characterised by aesthetics, order, functional coherence and exquisite material quality. Perfect design combines beauty and user quality to create a holistic experience. And how is perfection achieved? If something is to be completely and utterly perfect, you don\u2019t go looking [&hellip;]<\/p>\n","protected":false},"author":8,"featured_media":1015,"parent":0,"menu_order":0,"comment_status":"closed","ping_status":"closed","template":"","meta":{"_acf_changed":false,"footnotes":""},"class_list":["post-16095","page","type-page","status-publish","has-post-thumbnail","hentry"],"acf":[],"yoast_head":"<!-- This site is optimized with the Yoast SEO Premium plugin v23.7 (Yoast SEO v23.7) - https:\/\/yoast.com\/wordpress\/plugins\/seo\/ -->\n<title>Design - OLYMP - BEST SALON INSPIRATION<\/title>\n<meta name=\"robots\" content=\"index, follow, max-snippet:-1, max-image-preview:large, max-video-preview:-1\" \/>\n<link rel=\"canonical\" href=\"https:\/\/www.olymp.de\/en\/design-hairdressing\/\" \/>\n<meta property=\"og:locale\" content=\"en_US\" \/>\n<meta property=\"og:type\" content=\"article\" \/>\n<meta property=\"og:title\" content=\"Design\" \/>\n<meta property=\"og:description\" content=\"\u201cDesigns that rise above short terms trends \u2013 attractive, functional and sustainable\u201d Good design is characterised by aesthetics, order, functional coherence and exquisite material quality. Perfect design combines beauty and user quality to create a holistic experience. And how is perfection achieved? If something is to be completely and utterly perfect, you don\u2019t go looking [&hellip;]\" \/>\n<meta property=\"og:url\" content=\"https:\/\/www.olymp.de\/design-hairdressing\/\" \/>\n<meta property=\"og:site_name\" content=\"OLYMP - BEST SALON INSPIRATION\" \/>\n<meta property=\"article:publisher\" content=\"https:\/\/www.facebook.com\/OLYMP.Friseureinrichter\" \/>\n<meta property=\"article:modified_time\" content=\"2022-04-22T16:18:58+00:00\" \/>\n<meta property=\"og:image\" content=\"https:\/\/www.olymp.de\/wp-content\/uploads\/2019\/03\/Mellow_Skizzen_bearbeitet_heller_final.jpg\" \/>\n\t<meta property=\"og:image:width\" content=\"2000\" \/>\n\t<meta property=\"og:image:height\" content=\"1414\" \/>\n\t<meta property=\"og:image:type\" content=\"image\/jpeg\" \/>\n<meta name=\"twitter:card\" content=\"summary_large_image\" \/>\n<meta name=\"twitter:label1\" content=\"Est. reading time\" \/>\n\t<meta name=\"twitter:data1\" content=\"2 minutes\" \/>\n<script type=\"application\/ld+json\" class=\"yoast-schema-graph\">{\"@context\":\"https:\/\/schema.org\",\"@graph\":[{\"@type\":\"WebPage\",\"@id\":\"https:\/\/www.olymp.de\/en\/design-hairdressing\/\",\"url\":\"https:\/\/www.olymp.de\/design-hairdressing\/\",\"name\":\"Design - OLYMP - BEST SALON INSPIRATION\",\"isPartOf\":{\"@id\":\"https:\/\/www.olymp.de\/en\/#website\"},\"primaryImageOfPage\":{\"@id\":\"https:\/\/www.olymp.de\/design-hairdressing\/#primaryimage\"},\"image\":{\"@id\":\"https:\/\/www.olymp.de\/design-hairdressing\/#primaryimage\"},\"thumbnailUrl\":\"https:\/\/www.olymp.de\/wp-content\/uploads\/2019\/03\/Mellow_Skizzen_bearbeitet_heller_final.jpg\",\"datePublished\":\"2019-09-02T12:14:11+00:00\",\"dateModified\":\"2022-04-22T16:18:58+00:00\",\"breadcrumb\":{\"@id\":\"https:\/\/www.olymp.de\/design-hairdressing\/#breadcrumb\"},\"inLanguage\":\"en\",\"potentialAction\":[{\"@type\":\"ReadAction\",\"target\":[\"https:\/\/www.olymp.de\/design-hairdressing\/\"]}]},{\"@type\":\"ImageObject\",\"inLanguage\":\"en\",\"@id\":\"https:\/\/www.olymp.de\/design-hairdressing\/#primaryimage\",\"url\":\"https:\/\/www.olymp.de\/wp-content\/uploads\/2019\/03\/Mellow_Skizzen_bearbeitet_heller_final.jpg\",\"contentUrl\":\"https:\/\/www.olymp.de\/wp-content\/uploads\/2019\/03\/Mellow_Skizzen_bearbeitet_heller_final.jpg\",\"width\":2000,\"height\":1414},{\"@type\":\"BreadcrumbList\",\"@id\":\"https:\/\/www.olymp.de\/design-hairdressing\/#breadcrumb\",\"itemListElement\":[{\"@type\":\"ListItem\",\"position\":1,\"name\":\"Home\",\"item\":\"https:\/\/www.olymp.de\/en\/\"},{\"@type\":\"ListItem\",\"position\":2,\"name\":\"Design\"}]},{\"@type\":\"WebSite\",\"@id\":\"https:\/\/www.olymp.de\/en\/#website\",\"url\":\"https:\/\/www.olymp.de\/en\/\",\"name\":\"OLYMP - BEST SALON INSPIRATION\",\"description\":\"Best Salon Inspiration\\r\\n\",\"publisher\":{\"@id\":\"https:\/\/www.olymp.de\/en\/#organization\"},\"potentialAction\":[{\"@type\":\"SearchAction\",\"target\":{\"@type\":\"EntryPoint\",\"urlTemplate\":\"https:\/\/www.olymp.de\/en\/?s={search_term_string}\"},\"query-input\":{\"@type\":\"PropertyValueSpecification\",\"valueRequired\":true,\"valueName\":\"search_term_string\"}}],\"inLanguage\":\"en\"},{\"@type\":\"Organization\",\"@id\":\"https:\/\/www.olymp.de\/en\/#organization\",\"name\":\"OLYMP GmbH & Co KG\",\"url\":\"https:\/\/www.olymp.de\/en\/\",\"logo\":{\"@type\":\"ImageObject\",\"inLanguage\":\"en\",\"@id\":\"https:\/\/www.olymp.de\/en\/#\/schema\/logo\/image\/\",\"url\":\"https:\/\/www.olymp.de\/wp-content\/uploads\/2020\/01\/logo.png\",\"contentUrl\":\"https:\/\/www.olymp.de\/wp-content\/uploads\/2020\/01\/logo.png\",\"width\":200,\"height\":59,\"caption\":\"OLYMP GmbH & Co KG\"},\"image\":{\"@id\":\"https:\/\/www.olymp.de\/en\/#\/schema\/logo\/image\/\"},\"sameAs\":[\"https:\/\/www.facebook.com\/OLYMP.Friseureinrichter\",\"https:\/\/www.instagram.com\/olympbestsaloninspiration\/\"],\"email\":\"service@olymp.de\",\"telephone\":\"+49 711 2131 - 0\",\"legalName\":\"OLYMP GmbH & Co. KG\",\"foundingDate\":\"1901-10-01\",\"taxID\":\"DE814336488\",\"numberOfEmployees\":{\"@type\":\"QuantitativeValue\",\"minValue\":\"51\",\"maxValue\":\"200\"}}]}<\/script>\n<!-- \/ Yoast SEO Premium plugin. -->","yoast_head_json":{"title":"Design - OLYMP - BEST SALON INSPIRATION","robots":{"index":"index","follow":"follow","max-snippet":"max-snippet:-1","max-image-preview":"max-image-preview:large","max-video-preview":"max-video-preview:-1"},"canonical":"https:\/\/www.olymp.de\/en\/design-hairdressing\/","og_locale":"en_US","og_type":"article","og_title":"Design","og_description":"\u201cDesigns that rise above short terms trends \u2013 attractive, functional and sustainable\u201d Good design is characterised by aesthetics, order, functional coherence and exquisite material quality. Perfect design combines beauty and user quality to create a holistic experience. And how is perfection achieved? If something is to be completely and utterly perfect, you don\u2019t go looking [&hellip;]","og_url":"https:\/\/www.olymp.de\/design-hairdressing\/","og_site_name":"OLYMP - BEST SALON INSPIRATION","article_publisher":"https:\/\/www.facebook.com\/OLYMP.Friseureinrichter","article_modified_time":"2022-04-22T16:18:58+00:00","og_image":[{"width":2000,"height":1414,"url":"https:\/\/www.olymp.de\/wp-content\/uploads\/2019\/03\/Mellow_Skizzen_bearbeitet_heller_final.jpg","type":"image\/jpeg"}],"twitter_card":"summary_large_image","twitter_misc":{"Est. reading time":"2 minutes"},"schema":{"@context":"https:\/\/schema.org","@graph":[{"@type":"WebPage","@id":"https:\/\/www.olymp.de\/en\/design-hairdressing\/","url":"https:\/\/www.olymp.de\/design-hairdressing\/","name":"Design - OLYMP - BEST SALON INSPIRATION","isPartOf":{"@id":"https:\/\/www.olymp.de\/en\/#website"},"primaryImageOfPage":{"@id":"https:\/\/www.olymp.de\/design-hairdressing\/#primaryimage"},"image":{"@id":"https:\/\/www.olymp.de\/design-hairdressing\/#primaryimage"},"thumbnailUrl":"https:\/\/www.olymp.de\/wp-content\/uploads\/2019\/03\/Mellow_Skizzen_bearbeitet_heller_final.jpg","datePublished":"2019-09-02T12:14:11+00:00","dateModified":"2022-04-22T16:18:58+00:00","breadcrumb":{"@id":"https:\/\/www.olymp.de\/design-hairdressing\/#breadcrumb"},"inLanguage":"en","potentialAction":[{"@type":"ReadAction","target":["https:\/\/www.olymp.de\/design-hairdressing\/"]}]},{"@type":"ImageObject","inLanguage":"en","@id":"https:\/\/www.olymp.de\/design-hairdressing\/#primaryimage","url":"https:\/\/www.olymp.de\/wp-content\/uploads\/2019\/03\/Mellow_Skizzen_bearbeitet_heller_final.jpg","contentUrl":"https:\/\/www.olymp.de\/wp-content\/uploads\/2019\/03\/Mellow_Skizzen_bearbeitet_heller_final.jpg","width":2000,"height":1414},{"@type":"BreadcrumbList","@id":"https:\/\/www.olymp.de\/design-hairdressing\/#breadcrumb","itemListElement":[{"@type":"ListItem","position":1,"name":"Home","item":"https:\/\/www.olymp.de\/en\/"},{"@type":"ListItem","position":2,"name":"Design"}]},{"@type":"WebSite","@id":"https:\/\/www.olymp.de\/en\/#website","url":"https:\/\/www.olymp.de\/en\/","name":"OLYMP - BEST SALON INSPIRATION","description":"Best Salon Inspiration\r\n","publisher":{"@id":"https:\/\/www.olymp.de\/en\/#organization"},"potentialAction":[{"@type":"SearchAction","target":{"@type":"EntryPoint","urlTemplate":"https:\/\/www.olymp.de\/en\/?s={search_term_string}"},"query-input":{"@type":"PropertyValueSpecification","valueRequired":true,"valueName":"search_term_string"}}],"inLanguage":"en"},{"@type":"Organization","@id":"https:\/\/www.olymp.de\/en\/#organization","name":"OLYMP GmbH & Co KG","url":"https:\/\/www.olymp.de\/en\/","logo":{"@type":"ImageObject","inLanguage":"en","@id":"https:\/\/www.olymp.de\/en\/#\/schema\/logo\/image\/","url":"https:\/\/www.olymp.de\/wp-content\/uploads\/2020\/01\/logo.png","contentUrl":"https:\/\/www.olymp.de\/wp-content\/uploads\/2020\/01\/logo.png","width":200,"height":59,"caption":"OLYMP GmbH & Co KG"},"image":{"@id":"https:\/\/www.olymp.de\/en\/#\/schema\/logo\/image\/"},"sameAs":["https:\/\/www.facebook.com\/OLYMP.Friseureinrichter","https:\/\/www.instagram.com\/olympbestsaloninspiration\/"],"email":"service@olymp.de","telephone":"+49 711 2131 - 0","legalName":"OLYMP GmbH & Co. KG","foundingDate":"1901-10-01","taxID":"DE814336488","numberOfEmployees":{"@type":"QuantitativeValue","minValue":"51","maxValue":"200"}}]}},"wpml_current_locale":"en","wpml_translations":{"de_DE":{"locale":"de_DE","id":1013,"slug":"design-friseur","post_title":"Design","href":"https:\/\/www.olymp.de\/design-friseur\/"}},"_links":{"self":[{"href":"https:\/\/www.olymp.de\/en\/wp-json\/wp\/v2\/pages\/16095"}],"collection":[{"href":"https:\/\/www.olymp.de\/en\/wp-json\/wp\/v2\/pages"}],"about":[{"href":"https:\/\/www.olymp.de\/en\/wp-json\/wp\/v2\/types\/page"}],"author":[{"embeddable":true,"href":"https:\/\/www.olymp.de\/en\/wp-json\/wp\/v2\/users\/8"}],"replies":[{"embeddable":true,"href":"https:\/\/www.olymp.de\/en\/wp-json\/wp\/v2\/comments?post=16095"}],"version-history":[{"count":9,"href":"https:\/\/www.olymp.de\/en\/wp-json\/wp\/v2\/pages\/16095\/revisions"}],"predecessor-version":[{"id":29756,"href":"https:\/\/www.olymp.de\/en\/wp-json\/wp\/v2\/pages\/16095\/revisions\/29756"}],"wp:featuredmedia":[{"embeddable":true,"href":"https:\/\/www.olymp.de\/en\/wp-json\/wp\/v2\/media\/1015"}],"wp:attachment":[{"href":"https:\/\/www.olymp.de\/en\/wp-json\/wp\/v2\/media?parent=16095"}],"curies":[{"name":"wp","href":"https:\/\/api.w.org\/{rel}","templated":true}]}}